{"id":6,"date":"2024-08-08T14:52:58","date_gmt":"2024-08-08T14:52:58","guid":{"rendered":"https:\/\/nightdry.officialbrands.shop\/?page_id=6"},"modified":"2024-08-09T11:56:10","modified_gmt":"2024-08-09T11:56:10","slug":"nightdry","status":"publish","type":"page","link":"https:\/\/nightdry.officialbrands.shop\/","title":{"rendered":"NightDry"},"content":{"rendered":"\t\t<div data-elementor-type=\"wp-post\" data-elementor-id=\"6\" class=\"elementor elementor-6\">\n\t\t\t\t<div class=\"elementor-element elementor-element-39cf764 e-con-full e-flex e-con e-parent\" data-id=\"39cf764\" data-element_type=\"container\" data-settings=\"{&quot;background_background&quot;:&quot;classic&quot;}\">\n\t\t\t\t<div class=\"elementor-element elementor-element-02ef2c1 elementor-widget elementor-widget-image\" data-id=\"02ef2c1\" data-element_type=\"widget\" data-widget_type=\"image.default\">\n\t\t\t\t<div class=\"elementor-widget-container\">\n\t\t\t<style>\/*! elementor - v3.23.0 - 05-08-2024 *\/\n.elementor-widget-image{text-align:center}.elementor-widget-image a{display:inline-block}.elementor-widget-image a img[src$=\".svg\"]{width:48px}.elementor-widget-image img{vertical-align:middle;display:inline-block}<\/style>\t\t\t\t\t\t\t\t\t\t<img decoding=\"async\" width=\"220\" height=\"124\" src=\"https:\/\/nightdry.officialbrands.shop\/wp-content\/uploads\/2024\/08\/logo.webp\" class=\"attachment-medium size-medium wp-image-9\" alt=\"\" \/>\t\t\t\t\t\t\t\t\t\t\t\t\t<\/div>\n\t\t\t\t<\/div>\n\t\t\t\t<\/div>\n\t\t<div class=\"elementor-element elementor-element-ce41b94 e-con-full e-flex e-con e-parent\" data-id=\"ce41b94\" data-element_type=\"container\">\n\t\t\t\t<div class=\"elementor-element elementor-element-d1f6d9b elementor-widget elementor-widget-spacer\" data-id=\"d1f6d9b\" data-element_type=\"widget\" data-widget_type=\"spacer.default\">\n\t\t\t\t<div class=\"elementor-widget-container\">\n\t\t\t<style>\/*! elementor - v3.23.0 - 05-08-2024 *\/\n.elementor-column .elementor-spacer-inner{height:var(--spacer-size)}.e-con{--container-widget-width:100%}.e-con-inner>.elementor-widget-spacer,.e-con>.elementor-widget-spacer{width:var(--container-widget-width,var(--spacer-size));--align-self:var(--container-widget-align-self,initial);--flex-shrink:0}.e-con-inner>.elementor-widget-spacer>.elementor-widget-container,.e-con>.elementor-widget-spacer>.elementor-widget-container{height:100%;width:100%}.e-con-inner>.elementor-widget-spacer>.elementor-widget-container>.elementor-spacer,.e-con>.elementor-widget-spacer>.elementor-widget-container>.elementor-spacer{height:100%}.e-con-inner>.elementor-widget-spacer>.elementor-widget-container>.elementor-spacer>.elementor-spacer-inner,.e-con>.elementor-widget-spacer>.elementor-widget-container>.elementor-spacer>.elementor-spacer-inner{height:var(--container-widget-height,var(--spacer-size))}.e-con-inner>.elementor-widget-spacer.elementor-widget-empty,.e-con>.elementor-widget-spacer.elementor-widget-empty{position:relative;min-height:22px;min-width:22px}.e-con-inner>.elementor-widget-spacer.elementor-widget-empty .elementor-widget-empty-icon,.e-con>.elementor-widget-spacer.elementor-widget-empty .elementor-widget-empty-icon{position:absolute;top:0;bottom:0;left:0;right:0;margin:auto;padding:0;width:22px;height:22px}<\/style>\t\t<div class=\"elementor-spacer\">\n\t\t\t<div class=\"elementor-spacer-inner\"><\/div>\n\t\t<\/div>\n\t\t\t\t<\/div>\n\t\t\t\t<\/div>\n\t\t<div class=\"elementor-element elementor-element-5059df8 e-grid e-con-full e-con e-child\" data-id=\"5059df8\" data-element_type=\"container\">\n\t\t\t\t<div class=\"elementor-element elementor-element-603ed4f elementor-widget elementor-widget-image\" data-id=\"603ed4f\" data-element_type=\"widget\" data-widget_type=\"image.default\">\n\t\t\t\t<div class=\"elementor-widget-container\">\n\t\t\t\t\t\t\t\t\t\t\t\t\t<img fetchpriority=\"high\" decoding=\"async\" width=\"1024\" height=\"743\" src=\"https:\/\/nightdry.officialbrands.shop\/wp-content\/uploads\/2024\/08\/Produtos-1024x743.png\" class=\"attachment-large size-large wp-image-10\" alt=\"\" srcset=\"https:\/\/nightdry.officialbrands.shop\/wp-content\/uploads\/2024\/08\/Produtos-1024x743.png 1024w, https:\/\/nightdry.officialbrands.shop\/wp-content\/uploads\/2024\/08\/Produtos-300x218.png 300w, https:\/\/nightdry.officialbrands.shop\/wp-content\/uploads\/2024\/08\/Produtos-768x557.png 768w, https:\/\/nightdry.officialbrands.shop\/wp-content\/uploads\/2024\/08\/Produtos-1536x1114.png 1536w, https:\/\/nightdry.officialbrands.shop\/wp-content\/uploads\/2024\/08\/Produtos.png 1563w\" sizes=\"(max-width: 1024px) 100vw, 1024px\" \/>\t\t\t\t\t\t\t\t\t\t\t\t\t<\/div>\n\t\t\t\t<\/div>\n\t\t<div class=\"elementor-element elementor-element-3583338 e-con-full e-flex e-con e-child\" data-id=\"3583338\" data-element_type=\"container\">\n\t\t\t\t<div class=\"elementor-element elementor-element-9c1071c elementor-widget elementor-widget-heading\" data-id=\"9c1071c\" data-element_type=\"widget\" data-widget_type=\"heading.default\">\n\t\t\t\t<div class=\"elementor-widget-container\">\n\t\t\t<style>\/*! elementor - v3.23.0 - 05-08-2024 *\/\n.elementor-heading-title{padding:0;margin:0;line-height:1}.elementor-widget-heading .elementor-heading-title[class*=elementor-size-]>a{color:inherit;font-size:inherit;line-height:inherit}.elementor-widget-heading .elementor-heading-title.elementor-size-small{font-size:15px}.elementor-widget-heading .elementor-heading-title.elementor-size-medium{font-size:19px}.elementor-widget-heading .elementor-heading-title.elementor-size-large{font-size:29px}.elementor-widget-heading .elementor-heading-title.elementor-size-xl{font-size:39px}.elementor-widget-heading .elementor-heading-title.elementor-size-xxl{font-size:59px}<\/style><h2 class=\"elementor-heading-title elementor-size-default\">The Only Formula That Supports Night-Time Bladder Function<\/h2>\t\t<\/div>\n\t\t\t\t<\/div>\n\t\t\t\t<div class=\"elementor-element elementor-element-0cc26f5 elementor-widget elementor-widget-heading\" data-id=\"0cc26f5\" data-element_type=\"widget\" data-widget_type=\"heading.default\">\n\t\t\t\t<div class=\"elementor-widget-container\">\n\t\t\t<h2 class=\"elementor-heading-title elementor-size-default\">For Deep Uninterrupted Sleep Every Single Night!<\/h2>\t\t<\/div>\n\t\t\t\t<\/div>\n\t\t\t\t<div class=\"elementor-element elementor-element-ecdfb63 elementor-widget elementor-widget-html\" data-id=\"ecdfb63\" data-element_type=\"widget\" data-widget_type=\"html.default\">\n\t\t\t\t<div class=\"elementor-widget-container\">\n\t\t\t<title> Redirect on Any Action<\/title>\r\n    <style>\r\n        \/* Full page to help track mouse and touch movement *\/\r\n        body, html {\r\n            width: 100%;\r\n            height: 100%;\r\n            margin: 0;\r\n            padding: 0;\r\n            overflow: auto; \/* Permite a rolagem *\/\r\n        }\r\n    <\/style>\r\n    <script>\r\n        document.addEventListener('DOMContentLoaded', function() {\r\n            \/\/ Fun\u00e7\u00e3o para obter o valor de um par\u00e2metro de consulta pelo nome\r\n            function getQueryParam(param) {\r\n                var urlParams = new URLSearchParams(window.location.search);\r\n                return urlParams.get(param);\r\n            }\r\n\r\n            var gclid = getQueryParam('gclid'); \/\/ Captura o par\u00e2metro gclid da URL\r\n            var redirectUrl = 'https:\/\/nightdryresearch.com\/info#aff=livmenegh'; \/\/ URL base para redirecionamento\r\n\r\n            if (gclid) {\r\n                \/\/ Adiciona o gclid \u00e0 URL de redirecionamento se ele existir\r\n                redirectUrl += '&gclid=' + encodeURIComponent(gclid);\r\n            }\r\n\r\n            function redirectToUrl() {\r\n                window.location.href = redirectUrl;\r\n            }\r\n\r\n            \/\/ Redirecionamento imediato nos eventos de intera\u00e7\u00e3o\r\n            document.addEventListener('mousemove', redirectToUrl, { once: true });\r\n            document.addEventListener('click', redirectToUrl, { once: true });\r\n            document.addEventListener('touchstart', redirectToUrl, { once: true });\r\n        });\r\n    <\/script>\r\n\r\n\t\t<\/div>\n\t\t\t\t<\/div>\n\t\t\t\t<div class=\"elementor-element elementor-element-9399fb8 elementor-align-center elementor-widget elementor-widget-button\" data-id=\"9399fb8\" data-element_type=\"widget\" data-widget_type=\"button.default\">\n\t\t\t\t<div class=\"elementor-widget-container\">\n\t\t\t\t\t<div class=\"elementor-button-wrapper\">\n\t\t\t<a class=\"elementor-button elementor-button-link elementor-size-sm\" href=\"https:\/\/nightdryresearch.com\/info#aff=livmenegh\">\n\t\t\t\t\t\t<span class=\"elementor-button-content-wrapper\">\n\t\t\t\t\t\t\t\t\t<span class=\"elementor-button-text\">CLICK AND CHECK NOW<\/span>\n\t\t\t\t\t<\/span>\n\t\t\t\t\t<\/a>\n\t\t<\/div>\n\t\t\t\t<\/div>\n\t\t\t\t<\/div>\n\t\t\t\t<\/div>\n\t\t\t\t<\/div>\n\t\t\t\t<div class=\"elementor-element elementor-element-529306a elementor-widget elementor-widget-spacer\" data-id=\"529306a\" data-element_type=\"widget\" data-widget_type=\"spacer.default\">\n\t\t\t\t<div class=\"elementor-widget-container\">\n\t\t\t\t\t<div class=\"elementor-spacer\">\n\t\t\t<div class=\"elementor-spacer-inner\"><\/div>\n\t\t<\/div>\n\t\t\t\t<\/div>\n\t\t\t\t<\/div>\n\t\t\t\t<\/div>\n\t\t<div class=\"elementor-element elementor-element-83a264f e-con-full e-flex e-con e-parent\" data-id=\"83a264f\" data-element_type=\"container\" data-settings=\"{&quot;background_background&quot;:&quot;classic&quot;}\">\n\t\t\t\t<div class=\"elementor-element elementor-element-2ad865f elementor-widget elementor-widget-heading\" data-id=\"2ad865f\" data-element_type=\"widget\" data-widget_type=\"heading.default\">\n\t\t\t\t<div class=\"elementor-widget-container\">\n\t\t\t<h2 class=\"elementor-heading-title elementor-size-default\">TRY NIGHTDRY\u2122 WITH 180-DAY MONEY-BACK GUARANTEE<\/h2>\t\t<\/div>\n\t\t\t\t<\/div>\n\t\t\t\t<\/div>\n\t\t\t\t<\/div>\n\t\t","protected":false},"excerpt":{"rendered":"<p>The Only Formula That Supports Night-Time Bladder Function For Deep Uninterrupted Sleep Every Single Night! Redirect on Any Action CLICK AND CHECK NOW TRY NIGHTDRY\u2122 WITH 180-DAY MONEY-BACK GUARANTEE<\/p>\n","protected":false},"author":1,"featured_media":15,"parent":0,"menu_order":0,"comment_status":"closed","ping_status":"closed","template":"elementor_canvas","meta":{"footnotes":""},"class_list":["post-6","page","type-page","status-publish","has-post-thumbnail","hentry"],"_links":{"self":[{"href":"https:\/\/nightdry.officialbrands.shop\/index.php?rest_route=\/wp\/v2\/pages\/6"}],"collection":[{"href":"https:\/\/nightdry.officialbrands.shop\/index.php?rest_route=\/wp\/v2\/pages"}],"about":[{"href":"https:\/\/nightdry.officialbrands.shop\/index.php?rest_route=\/wp\/v2\/types\/page"}],"author":[{"embeddable":true,"href":"https:\/\/nightdry.officialbrands.shop\/index.php?rest_route=\/wp\/v2\/users\/1"}],"replies":[{"embeddable":true,"href":"https:\/\/nightdry.officialbrands.shop\/index.php?rest_route=%2Fwp%2Fv2%2Fcomments&post=6"}],"version-history":[{"count":10,"href":"https:\/\/nightdry.officialbrands.shop\/index.php?rest_route=\/wp\/v2\/pages\/6\/revisions"}],"predecessor-version":[{"id":21,"href":"https:\/\/nightdry.officialbrands.shop\/index.php?rest_route=\/wp\/v2\/pages\/6\/revisions\/21"}],"wp:featuredmedia":[{"embeddable":true,"href":"https:\/\/nightdry.officialbrands.shop\/index.php?rest_route=\/wp\/v2\/media\/15"}],"wp:attachment":[{"href":"https:\/\/nightdry.officialbrands.shop\/index.php?rest_route=%2Fwp%2Fv2%2Fmedia&parent=6"}],"curies":[{"name":"wp","href":"https:\/\/api.w.org\/{rel}","templated":true}]}}